{"id":9,"date":"2023-09-06T14:07:30","date_gmt":"2023-09-06T14:07:30","guid":{"rendered":"https:\/\/demosites.royal-elementor-addons.com\/solar-energy-v1\/?page_id=9"},"modified":"2025-04-08T12:49:39","modified_gmt":"2025-04-08T12:49:39","slug":"quem-somos","status":"publish","type":"page","link":"https:\/\/mpvox.com.br\/2025\/quem-somos\/","title":{"rendered":"Quem Somos"},"content":{"rendered":"\t\t<div data-elementor-type=\"wp-page\" data-elementor-id=\"9\" class=\"elementor elementor-9\">\n\t\t\t\t\t\t<section class=\"elementor-section elementor-top-section elementor-element elementor-element-5170393 elementor-section-boxed elementor-section-height-default elementor-section-height-default wpr-particle-no wpr-jarallax-no wpr-parallax-no wpr-sticky-section-no\" data-id=\"5170393\" data-element_type=\"section\" data-settings=\"{&quot;background_background&quot;:&quot;classic&quot;}\">\n\t\t\t\t\t\t\t<div class=\"elementor-background-overlay\"><\/div>\n\t\t\t\t\t\t\t<div class=\"elementor-container elementor-column-gap-default\">\n\t\t\t\t\t<div class=\"elementor-column elementor-col-100 elementor-top-column elementor-element elementor-element-c53ab0d\" data-id=\"c53ab0d\" data-element_type=\"column\">\n\t\t\t<div class=\"elementor-widget-wrap elementor-element-populated\">\n\t\t\t\t\t\t<div class=\"elementor-element elementor-element-b709dc4 elementor-widget elementor-widget-heading\" data-id=\"b709dc4\" data-element_type=\"widget\" data-widget_type=\"heading.default\">\n\t\t\t\t<div class=\"elementor-widget-container\">\n\t\t\t<h3 class=\"elementor-heading-title elementor-size-default\">Quem Somos<\/h3>\t\t<\/div>\n\t\t\t\t<\/div>\n\t\t\t\t\t<\/div>\n\t\t<\/div>\n\t\t\t\t\t<\/div>\n\t\t<\/section>\n\t\t\t\t<section class=\"elementor-section elementor-top-section elementor-element elementor-element-dbd083e elementor-section-boxed elementor-section-height-default elementor-section-height-default wpr-particle-no wpr-jarallax-no wpr-parallax-no wpr-sticky-section-no\" data-id=\"dbd083e\" data-element_type=\"section\">\n\t\t\t\t\t\t<div class=\"elementor-container elementor-column-gap-wide\">\n\t\t\t\t\t<div class=\"elementor-column elementor-col-50 elementor-top-column elementor-element elementor-element-6d62b65 elementor-invisible\" data-id=\"6d62b65\" data-element_type=\"column\" data-settings=\"{&quot;animation&quot;:&quot;slideInLeft&quot;}\">\n\t\t\t<div class=\"elementor-widget-wrap elementor-element-populated\">\n\t\t\t\t\t\t<div class=\"elementor-element elementor-element-4d61d9f elementor-widget elementor-widget-heading\" data-id=\"4d61d9f\" data-element_type=\"widget\" data-widget_type=\"heading.default\">\n\t\t\t\t<div class=\"elementor-widget-container\">\n\t\t\t<h2 class=\"elementor-heading-title elementor-size-default\">MPVOX Loca\u00e7\u00e3o<\/h2>\t\t<\/div>\n\t\t\t\t<\/div>\n\t\t\t\t<div class=\"elementor-element elementor-element-38735c3 elementor-widget elementor-widget-heading\" data-id=\"38735c3\" data-element_type=\"widget\" data-widget_type=\"heading.default\">\n\t\t\t\t<div class=\"elementor-widget-container\">\n\t\t\t<h2 class=\"elementor-heading-title elementor-size-default\">Estrutura, confian\u00e7a e excel\u00eancia em eventos.<\/h2>\t\t<\/div>\n\t\t\t\t<\/div>\n\t\t\t\t<div class=\"elementor-element elementor-element-53ddd04 elementor-widget elementor-widget-text-editor\" data-id=\"53ddd04\" data-element_type=\"widget\" data-widget_type=\"text-editor.default\">\n\t\t\t\t<div class=\"elementor-widget-container\">\n\t\t\t\t\t\t\t<p class=\"\" data-start=\"238\" data-end=\"560\">A MPVOX nasceu com o prop\u00f3sito de transformar ideias em experi\u00eancias memor\u00e1veis. Com sede em Imperatriz &#8211; MA, somos especialistas em <strong data-start=\"423\" data-end=\"463\">loca\u00e7\u00e3o de equipamentos para eventos<\/strong>, oferecendo solu\u00e7\u00f5es completas em som, ilumina\u00e7\u00e3o, palco, geradores, torres de luz e muito mais.<\/p><p class=\"\" data-start=\"562\" data-end=\"784\">Nosso compromisso vai al\u00e9m do aluguel: entregamos <strong data-start=\"612\" data-end=\"657\">seguran\u00e7a, pontualidade e suporte t\u00e9cnico<\/strong>, do planejamento \u00e0 execu\u00e7\u00e3o. Atuamos em eventos sociais, corporativos, religiosos, culturais, agropecu\u00e1rios e de grande porte.<\/p><p class=\"\" data-start=\"786\" data-end=\"961\"><strong data-start=\"786\" data-end=\"851\">Por tr\u00e1s da nossa marca, h\u00e1 uma equipe apaixonada por eventos<\/strong>, que acredita que cada cliente merece um atendimento exclusivo, transparente e com resultados surpreendentes.<\/p>\t\t\t\t\t\t<\/div>\n\t\t\t\t<\/div>\n\t\t\t\t\t<\/div>\n\t\t<\/div>\n\t\t\t\t<div class=\"elementor-column elementor-col-50 elementor-top-column elementor-element elementor-element-222b6ab elementor-invisible\" data-id=\"222b6ab\" data-element_type=\"column\" data-settings=\"{&quot;animation&quot;:&quot;slideInRight&quot;}\">\n\t\t\t<div class=\"elementor-widget-wrap elementor-element-populated\">\n\t\t\t\t\t\t<div class=\"elementor-element elementor-element-4050e09 elementor-widget elementor-widget-image\" data-id=\"4050e09\" data-element_type=\"widget\" data-widget_type=\"image.default\">\n\t\t\t\t<div class=\"elementor-widget-container\">\n\t\t\t\t\t\t\t\t\t\t\t\t\t<img fetchpriority=\"high\" decoding=\"async\" width=\"960\" height=\"720\" src=\"https:\/\/mpvox.com.br\/2025\/wp-content\/uploads\/2025\/04\/Imagem-do-WhatsApp-de-2024-06-03-as-13.09.24_c09abe07-1024x768.jpg\" class=\"attachment-large size-large wp-image-1811\" alt=\"Alguel de Gerador Imperatriz MA\" srcset=\"https:\/\/mpvox.com.br\/2025\/wp-content\/uploads\/2025\/04\/Imagem-do-WhatsApp-de-2024-06-03-as-13.09.24_c09abe07-1024x768.jpg 1024w, https:\/\/mpvox.com.br\/2025\/wp-content\/uploads\/2025\/04\/Imagem-do-WhatsApp-de-2024-06-03-as-13.09.24_c09abe07-300x225.jpg 300w, https:\/\/mpvox.com.br\/2025\/wp-content\/uploads\/2025\/04\/Imagem-do-WhatsApp-de-2024-06-03-as-13.09.24_c09abe07-768x576.jpg 768w, https:\/\/mpvox.com.br\/2025\/wp-content\/uploads\/2025\/04\/Imagem-do-WhatsApp-de-2024-06-03-as-13.09.24_c09abe07-1536x1152.jpg 1536w, https:\/\/mpvox.com.br\/2025\/wp-content\/uploads\/2025\/04\/Imagem-do-WhatsApp-de-2024-06-03-as-13.09.24_c09abe07.jpg 1600w\" sizes=\"(max-width: 960px) 100vw, 960px\" \/>\t\t\t\t\t\t\t\t\t\t\t\t\t<\/div>\n\t\t\t\t<\/div>\n\t\t\t\t\t<\/div>\n\t\t<\/div>\n\t\t\t\t\t<\/div>\n\t\t<\/section>\n\t\t\t\t<section class=\"elementor-section elementor-top-section elementor-element elementor-element-056ce89 elementor-section-boxed elementor-section-height-default elementor-section-height-default wpr-particle-no wpr-jarallax-no wpr-parallax-no wpr-sticky-section-no\" data-id=\"056ce89\" data-element_type=\"section\">\n\t\t\t\t\t\t\t<div class=\"elementor-background-overlay\"><\/div>\n\t\t\t\t\t\t\t<div class=\"elementor-container elementor-column-gap-default\">\n\t\t\t\t\t<div class=\"elementor-column elementor-col-100 elementor-top-column elementor-element elementor-element-5f179b2 elementor-invisible\" data-id=\"5f179b2\" data-element_type=\"column\" data-settings=\"{&quot;animation&quot;:&quot;fadeIn&quot;}\">\n\t\t\t<div class=\"elementor-widget-wrap elementor-element-populated\">\n\t\t\t\t\t\t<section class=\"elementor-section elementor-inner-section elementor-element elementor-element-129b25f elementor-section-boxed elementor-section-height-default elementor-section-height-default wpr-particle-no wpr-jarallax-no wpr-parallax-no wpr-sticky-section-no\" data-id=\"129b25f\" data-element_type=\"section\">\n\t\t\t\t\t\t<div class=\"elementor-container elementor-column-gap-default\">\n\t\t\t\t\t<div class=\"elementor-column elementor-col-100 elementor-inner-column elementor-element elementor-element-cd9135b\" data-id=\"cd9135b\" data-element_type=\"column\">\n\t\t\t<div class=\"elementor-widget-wrap elementor-element-populated\">\n\t\t\t\t\t\t<div class=\"elementor-element elementor-element-9edc758 elementor-widget elementor-widget-heading\" data-id=\"9edc758\" data-element_type=\"widget\" data-widget_type=\"heading.default\">\n\t\t\t\t<div class=\"elementor-widget-container\">\n\t\t\t<h2 class=\"elementor-heading-title elementor-size-default\">MPVOX LOCA\u00c7\u00c3O: <\/h2>\t\t<\/div>\n\t\t\t\t<\/div>\n\t\t\t\t<div class=\"elementor-element elementor-element-b58c42e elementor-widget elementor-widget-heading\" data-id=\"b58c42e\" data-element_type=\"widget\" data-widget_type=\"heading.default\">\n\t\t\t\t<div class=\"elementor-widget-container\">\n\t\t\t<h2 class=\"elementor-heading-title elementor-size-default\">A estrutura que faz a diferen\u00e7a.<\/h2>\t\t<\/div>\n\t\t\t\t<\/div>\n\t\t\t\t\t<\/div>\n\t\t<\/div>\n\t\t\t\t\t<\/div>\n\t\t<\/section>\n\t\t\t\t\t<\/div>\n\t\t<\/div>\n\t\t\t\t\t<\/div>\n\t\t<\/section>\n\t\t\t\t<\/div>\n\t\t","protected":false},"excerpt":{"rendered":"<p>Quem Somos MPVOX Loca\u00e7\u00e3o Estrutura, confian\u00e7a e excel\u00eancia em eventos. A MPVOX nasceu com o prop\u00f3sito de transformar ideias em experi\u00eancias memor\u00e1veis. Com sede em Imperatriz &#8211; MA, somos especialistas em loca\u00e7\u00e3o de equipamentos para eventos, oferecendo solu\u00e7\u00f5es completas em som, ilumina\u00e7\u00e3o, palco, geradores, torres de luz e muito mais. Nosso compromisso vai al\u00e9m do aluguel: entregamos seguran\u00e7a, pontualidade e suporte t\u00e9cnico, do planejamento \u00e0 execu\u00e7\u00e3o. Atuamos em eventos sociais, corporativos, religiosos, culturais, agropecu\u00e1rios e de grande porte. Por tr\u00e1s da nossa marca, h\u00e1 uma equipe apaixonada por eventos, que acredita que cada cliente merece um atendimento exclusivo, transparente e com resultados surpreendentes. MPVOX LOCA\u00c7\u00c3O: A estrutura que faz a diferen\u00e7a.<\/p>\n","protected":false},"author":1,"featured_media":0,"parent":0,"menu_order":0,"comment_status":"closed","ping_status":"closed","template":"elementor_canvas","meta":{"footnotes":""},"class_list":["post-9","page","type-page","status-publish","hentry"],"_links":{"self":[{"href":"https:\/\/mpvox.com.br\/2025\/wp-json\/wp\/v2\/pages\/9","targetHints":{"allow":["GET"]}}],"collection":[{"href":"https:\/\/mpvox.com.br\/2025\/wp-json\/wp\/v2\/pages"}],"about":[{"href":"https:\/\/mpvox.com.br\/2025\/wp-json\/wp\/v2\/types\/page"}],"author":[{"embeddable":true,"href":"https:\/\/mpvox.com.br\/2025\/wp-json\/wp\/v2\/users\/1"}],"replies":[{"embeddable":true,"href":"https:\/\/mpvox.com.br\/2025\/wp-json\/wp\/v2\/comments?post=9"}],"version-history":[{"count":13,"href":"https:\/\/mpvox.com.br\/2025\/wp-json\/wp\/v2\/pages\/9\/revisions"}],"predecessor-version":[{"id":2039,"href":"https:\/\/mpvox.com.br\/2025\/wp-json\/wp\/v2\/pages\/9\/revisions\/2039"}],"wp:attachment":[{"href":"https:\/\/mpvox.com.br\/2025\/wp-json\/wp\/v2\/media?parent=9"}],"curies":[{"name":"wp","href":"https:\/\/api.w.org\/{rel}","templated":true}]}}