{"id":967,"date":"2023-10-03T09:57:00","date_gmt":"2023-10-03T09:57:00","guid":{"rendered":"https:\/\/demosites.royal-elementor-addons.com\/solar-energy-v1\/?page_id=967"},"modified":"2025-04-08T23:42:13","modified_gmt":"2025-04-08T23:42:13","slug":"portfolio","status":"publish","type":"page","link":"https:\/\/mpvox.com.br\/2025\/portfolio\/","title":{"rendered":"Portf\u00f3lio"},"content":{"rendered":"\t\t<div data-elementor-type=\"wp-page\" data-elementor-id=\"967\" class=\"elementor elementor-967\">\n\t\t\t\t\t\t<section class=\"elementor-section elementor-top-section elementor-element elementor-element-faae4a9 elementor-section-boxed elementor-section-height-default elementor-section-height-default wpr-particle-no wpr-jarallax-no wpr-parallax-no wpr-sticky-section-no\" data-id=\"faae4a9\" data-element_type=\"section\" data-settings=\"{&quot;background_background&quot;:&quot;classic&quot;}\">\n\t\t\t\t\t\t\t<div class=\"elementor-background-overlay\"><\/div>\n\t\t\t\t\t\t\t<div class=\"elementor-container elementor-column-gap-default\">\n\t\t\t\t\t<div class=\"elementor-column elementor-col-100 elementor-top-column elementor-element elementor-element-1f33d38\" data-id=\"1f33d38\" data-element_type=\"column\">\n\t\t\t<div class=\"elementor-widget-wrap elementor-element-populated\">\n\t\t\t\t\t\t<div class=\"elementor-element elementor-element-ccb7aa5 elementor-widget elementor-widget-heading\" data-id=\"ccb7aa5\" data-element_type=\"widget\" data-widget_type=\"heading.default\">\n\t\t\t\t<div class=\"elementor-widget-container\">\n\t\t\t<h2 class=\"elementor-heading-title elementor-size-default\">Portf\u00f3lio<\/h2>\t\t<\/div>\n\t\t\t\t<\/div>\n\t\t\t\t<div class=\"elementor-element elementor-element-1141421 elementor-widget elementor-widget-text-editor\" data-id=\"1141421\" data-element_type=\"widget\" data-widget_type=\"text-editor.default\">\n\t\t\t\t<div class=\"elementor-widget-container\">\n\t\t\t\t\t\t\t<p>Confira alguns dos eventos que j\u00e1 contaram com a qualidade e a confian\u00e7a da MPVOX LOCA\u00c7\u00c3O:<\/p>\t\t\t\t\t\t<\/div>\n\t\t\t\t<\/div>\n\t\t\t\t\t<\/div>\n\t\t<\/div>\n\t\t\t\t\t<\/div>\n\t\t<\/section>\n\t\t\t\t<section class=\"elementor-section elementor-top-section elementor-element elementor-element-2474ac4 elementor-section-boxed elementor-section-height-default elementor-section-height-default wpr-particle-no wpr-jarallax-no wpr-parallax-no wpr-sticky-section-no\" data-id=\"2474ac4\" data-element_type=\"section\">\n\t\t\t\t\t\t<div class=\"elementor-container elementor-column-gap-default\">\n\t\t\t\t\t<div class=\"elementor-column elementor-col-100 elementor-top-column elementor-element elementor-element-e821ec0\" data-id=\"e821ec0\" data-element_type=\"column\">\n\t\t\t<div class=\"elementor-widget-wrap elementor-element-populated\">\n\t\t\t\t\t\t<div class=\"elementor-element elementor-element-e065983 elementor-widget elementor-widget-heading\" data-id=\"e065983\" data-element_type=\"widget\" data-widget_type=\"heading.default\">\n\t\t\t\t<div class=\"elementor-widget-container\">\n\t\t\t<h2 class=\"elementor-heading-title elementor-size-default\">ALUGUEL<\/h2>\t\t<\/div>\n\t\t\t\t<\/div>\n\t\t\t\t<div class=\"elementor-element elementor-element-13683fb elementor-widget elementor-widget-heading\" data-id=\"13683fb\" data-element_type=\"widget\" data-widget_type=\"heading.default\">\n\t\t\t\t<div class=\"elementor-widget-container\">\n\t\t\t<h2 class=\"elementor-heading-title elementor-size-default\">Seu evento tamb\u00e9m pode estar aqui!\n<\/h2>\t\t<\/div>\n\t\t\t\t<\/div>\n\t\t\t\t<div class=\"elementor-element elementor-element-0527d1f elementor-widget elementor-widget-text-editor\" data-id=\"0527d1f\" data-element_type=\"widget\" data-widget_type=\"text-editor.default\">\n\t\t\t\t<div class=\"elementor-widget-container\">\n\t\t\t\t\t\t\t<p>Entre em contato conosco e veja como podemos levar sua estrutura a outro n\u00edvel.<\/p>\t\t\t\t\t\t<\/div>\n\t\t\t\t<\/div>\n\t\t\t\t<section class=\"elementor-section elementor-inner-section elementor-element elementor-element-5382d0d elementor-section-boxed elementor-section-height-default elementor-section-height-default wpr-particle-no wpr-jarallax-no wpr-parallax-no wpr-sticky-section-no\" data-id=\"5382d0d\" data-element_type=\"section\">\n\t\t\t\t\t\t<div class=\"elementor-container elementor-column-gap-extended\">\n\t\t\t\t\t<div class=\"elementor-column elementor-col-33 elementor-inner-column elementor-element elementor-element-4cb5253\" data-id=\"4cb5253\" data-element_type=\"column\">\n\t\t\t<div class=\"elementor-widget-wrap elementor-element-populated\">\n\t\t\t\t\t\t<div class=\"elementor-element elementor-element-4142169 wpr-promo-box-style-cover elementor-invisible elementor-widget elementor-widget-wpr-promo-box\" data-id=\"4142169\" data-element_type=\"widget\" data-settings=\"{&quot;_animation&quot;:&quot;zoomIn&quot;}\" data-widget_type=\"wpr-promo-box.default\">\n\t\t\t\t<div class=\"elementor-widget-container\">\n\t\t\t\n\t\t<div class=\"wpr-promo-box wpr-animation-wrap\">\n\n\t\t\t\t\t\t\t\n\t\t\t\t\t\t\t<div class=\"wpr-promo-box-image\">\n\t\t\t\t\t<div class=\"wpr-promo-box-bg-image wpr-bg-anim-zoom-in wpr-anim-timing-ease-default\" style=\"background-image:url(https:\/\/mpvox.com.br\/2025\/wp-content\/uploads\/2025\/04\/IMG-20160819-WA0235-rotated.jpg);\"><\/div>\n\t\t\t\t\t<div class=\"wpr-promo-box-bg-overlay wpr-border-anim-none\"><\/div>\n\t\t\t\t<\/div>\n\t\t\t\t\t\t\n\t\t\t<div class=\"wpr-promo-box-content\">\n\n\t\t\t\t\t\t\t\t<div class=\"wpr-promo-box-icon\">\n\t\t\t\t\t\t\t\t\t\t\t<i class=\"fas fa-bolt\"><\/i>\n\t\t\t\t\t\t\t\t\t<\/div>\n\t\t\t\t\n\t\t\t\t<h3 class=\"wpr-promo-box-title\"><span>Feiras agropecu\u00e1rias e exposi\u00e7\u00f5es<\/span><\/h3>\n\t\t\t\t\n\t\t\t\t\t\t\t<\/div>\n\n\t\t\t\t\t<\/div>\n\n\t\t\t\t<\/div>\n\t\t\t\t<\/div>\n\t\t\t\t<div class=\"elementor-element elementor-element-622e8a9 wpr-promo-box-style-cover elementor-invisible elementor-widget elementor-widget-wpr-promo-box\" data-id=\"622e8a9\" data-element_type=\"widget\" data-settings=\"{&quot;_animation&quot;:&quot;zoomIn&quot;,&quot;_animation_delay&quot;:300}\" data-widget_type=\"wpr-promo-box.default\">\n\t\t\t\t<div class=\"elementor-widget-container\">\n\t\t\t\n\t\t<div class=\"wpr-promo-box wpr-animation-wrap\">\n\n\t\t\t\t\t\t\t\n\t\t\t\t\t\t\t<div class=\"wpr-promo-box-image\">\n\t\t\t\t\t<div class=\"wpr-promo-box-bg-image wpr-bg-anim-zoom-in wpr-anim-timing-ease-default\" style=\"background-image:url(https:\/\/mpvox.com.br\/2025\/wp-content\/uploads\/2025\/04\/c.jpg);\"><\/div>\n\t\t\t\t\t<div class=\"wpr-promo-box-bg-overlay wpr-border-anim-none\"><\/div>\n\t\t\t\t<\/div>\n\t\t\t\t\t\t\n\t\t\t<div class=\"wpr-promo-box-content\">\n\n\t\t\t\t\t\t\t\t<div class=\"wpr-promo-box-icon\">\n\t\t\t\t\t\t\t\t\t\t\t<i class=\"fas fa-wind\"><\/i>\n\t\t\t\t\t\t\t\t\t<\/div>\n\t\t\t\t\n\t\t\t\t<h3 class=\"wpr-promo-box-title\"><span>Festivais de m\u00fasica e shows regionais<\/span><\/h3>\n\t\t\t\t\n\t\t\t\t\t\t\t<\/div>\n\n\t\t\t\t\t<\/div>\n\n\t\t\t\t<\/div>\n\t\t\t\t<\/div>\n\t\t\t\t\t<\/div>\n\t\t<\/div>\n\t\t\t\t<div class=\"elementor-column elementor-col-33 elementor-inner-column elementor-element elementor-element-e59861d\" data-id=\"e59861d\" data-element_type=\"column\">\n\t\t\t<div class=\"elementor-widget-wrap elementor-element-populated\">\n\t\t\t\t\t\t<div class=\"elementor-element elementor-element-05f4575 wpr-promo-box-style-cover elementor-invisible elementor-widget elementor-widget-wpr-promo-box\" data-id=\"05f4575\" data-element_type=\"widget\" data-settings=\"{&quot;_animation&quot;:&quot;zoomIn&quot;,&quot;_animation_delay&quot;:100}\" data-widget_type=\"wpr-promo-box.default\">\n\t\t\t\t<div class=\"elementor-widget-container\">\n\t\t\t\n\t\t<div class=\"wpr-promo-box wpr-animation-wrap\">\n\n\t\t\t\t\t\t\t\n\t\t\t\t\t\t\t<div class=\"wpr-promo-box-image\">\n\t\t\t\t\t<div class=\"wpr-promo-box-bg-image wpr-bg-anim-zoom-in wpr-anim-timing-ease-default\" style=\"background-image:url(https:\/\/mpvox.com.br\/2025\/wp-content\/uploads\/2025\/04\/dc8145d455e793cd2c836d8dd57d522d.jpg);\"><\/div>\n\t\t\t\t\t<div class=\"wpr-promo-box-bg-overlay wpr-border-anim-none\"><\/div>\n\t\t\t\t<\/div>\n\t\t\t\t\t\t\n\t\t\t<div class=\"wpr-promo-box-content\">\n\n\t\t\t\t\t\t\t\t<div class=\"wpr-promo-box-icon\">\n\t\t\t\t\t\t\t\t\t\t\t<i class=\"fas fa-leaf\"><\/i>\n\t\t\t\t\t\t\t\t\t<\/div>\n\t\t\t\t\n\t\t\t\t<h3 class=\"wpr-promo-box-title\"><span>Casamentos e anivers\u00e1rios<\/span><\/h3>\n\t\t\t\t\n\t\t\t\t\t\t\t<\/div>\n\n\t\t\t\t\t<\/div>\n\n\t\t\t\t<\/div>\n\t\t\t\t<\/div>\n\t\t\t\t<div class=\"elementor-element elementor-element-caea7f7 wpr-promo-box-style-cover elementor-invisible elementor-widget elementor-widget-wpr-promo-box\" data-id=\"caea7f7\" data-element_type=\"widget\" data-settings=\"{&quot;_animation&quot;:&quot;zoomIn&quot;,&quot;_animation_delay&quot;:400}\" data-widget_type=\"wpr-promo-box.default\">\n\t\t\t\t<div class=\"elementor-widget-container\">\n\t\t\t\n\t\t<div class=\"wpr-promo-box wpr-animation-wrap\">\n\n\t\t\t\t\t\t\t\n\t\t\t\t\t\t\t<div class=\"wpr-promo-box-image\">\n\t\t\t\t\t<div class=\"wpr-promo-box-bg-image wpr-bg-anim-zoom-in wpr-anim-timing-ease-default\" style=\"background-image:url(https:\/\/mpvox.com.br\/2025\/wp-content\/uploads\/2025\/04\/corporativo.jpg);\"><\/div>\n\t\t\t\t\t<div class=\"wpr-promo-box-bg-overlay wpr-border-anim-none\"><\/div>\n\t\t\t\t<\/div>\n\t\t\t\t\t\t\n\t\t\t<div class=\"wpr-promo-box-content\">\n\n\t\t\t\t\t\t\t\t<div class=\"wpr-promo-box-icon\">\n\t\t\t\t\t\t\t\t\t\t\t<i class=\"fas fa-leaf\"><\/i>\n\t\t\t\t\t\t\t\t\t<\/div>\n\t\t\t\t\n\t\t\t\t<h3 class=\"wpr-promo-box-title\"><span>Eventos corporativos e religiosos<\/span><\/h3>\n\t\t\t\t\n\t\t\t\t\t\t\t<\/div>\n\n\t\t\t\t\t<\/div>\n\n\t\t\t\t<\/div>\n\t\t\t\t<\/div>\n\t\t\t\t\t<\/div>\n\t\t<\/div>\n\t\t\t\t<div class=\"elementor-column elementor-col-33 elementor-inner-column elementor-element elementor-element-82844a2\" data-id=\"82844a2\" data-element_type=\"column\">\n\t\t\t<div class=\"elementor-widget-wrap elementor-element-populated\">\n\t\t\t\t\t\t<div class=\"elementor-element elementor-element-b79804c wpr-promo-box-style-cover elementor-invisible elementor-widget elementor-widget-wpr-promo-box\" data-id=\"b79804c\" data-element_type=\"widget\" data-settings=\"{&quot;_animation&quot;:&quot;zoomIn&quot;,&quot;_animation_delay&quot;:200}\" data-widget_type=\"wpr-promo-box.default\">\n\t\t\t\t<div class=\"elementor-widget-container\">\n\t\t\t\n\t\t<div class=\"wpr-promo-box wpr-animation-wrap\">\n\n\t\t\t\t\t\t\t\n\t\t\t\t\t\t\t<div class=\"wpr-promo-box-image\">\n\t\t\t\t\t<div class=\"wpr-promo-box-bg-image wpr-bg-anim-zoom-in wpr-anim-timing-ease-default\" style=\"background-image:url(https:\/\/mpvox.com.br\/2025\/wp-content\/uploads\/2025\/04\/IMG-20180621-WA0141.jpg);\"><\/div>\n\t\t\t\t\t<div class=\"wpr-promo-box-bg-overlay wpr-border-anim-none\"><\/div>\n\t\t\t\t<\/div>\n\t\t\t\t\t\t\n\t\t\t<div class=\"wpr-promo-box-content\">\n\n\t\t\t\t\t\t\t\t<div class=\"wpr-promo-box-icon\">\n\t\t\t\t\t\t\t\t\t\t\t<i class=\"fas fa-wind\"><\/i>\n\t\t\t\t\t\t\t\t\t<\/div>\n\t\t\t\t\n\t\t\t\t<h3 class=\"wpr-promo-box-title\"><span>A\u00e7\u00f5es promocionais e inaugura\u00e7\u00f5es<\/span><\/h3>\n\t\t\t\t\n\t\t\t\t\t\t\t<\/div>\n\n\t\t\t\t\t<\/div>\n\n\t\t\t\t<\/div>\n\t\t\t\t<\/div>\n\t\t\t\t\t<\/div>\n\t\t<\/div>\n\t\t\t\t\t<\/div>\n\t\t<\/section>\n\t\t\t\t\t<\/div>\n\t\t<\/div>\n\t\t\t\t\t<\/div>\n\t\t<\/section>\n\t\t<div class=\"elementor-element elementor-element-5521bd5 e-flex e-con-boxed wpr-particle-no wpr-jarallax-no wpr-parallax-no wpr-sticky-section-no e-con e-parent\" data-id=\"5521bd5\" data-element_type=\"container\">\n\t\t\t\t\t<div class=\"e-con-inner\">\n\t\t<div class=\"elementor-element elementor-element-7f54cde e-con-full e-flex wpr-particle-no wpr-jarallax-no wpr-parallax-no wpr-sticky-section-no e-con e-child\" data-id=\"7f54cde\" data-element_type=\"container\">\n\t\t\t\t<div class=\"elementor-element elementor-element-c4694f7 elementor-widget elementor-widget-image\" data-id=\"c4694f7\" data-element_type=\"widget\" data-widget_type=\"image.default\">\n\t\t\t\t<div class=\"elementor-widget-container\">\n\t\t\t\t\t\t\t\t\t\t\t\t\t<img fetchpriority=\"high\" decoding=\"async\" width=\"960\" height=\"317\" src=\"https:\/\/mpvox.com.br\/2025\/wp-content\/uploads\/2025\/04\/MWM_Brazil_logo.svg_-1-1024x338.png\" class=\"attachment-large size-large wp-image-2151\" alt=\"\" srcset=\"https:\/\/mpvox.com.br\/2025\/wp-content\/uploads\/2025\/04\/MWM_Brazil_logo.svg_-1-1024x338.png 1024w, https:\/\/mpvox.com.br\/2025\/wp-content\/uploads\/2025\/04\/MWM_Brazil_logo.svg_-1-300x99.png 300w, https:\/\/mpvox.com.br\/2025\/wp-content\/uploads\/2025\/04\/MWM_Brazil_logo.svg_-1-768x253.png 768w, https:\/\/mpvox.com.br\/2025\/wp-content\/uploads\/2025\/04\/MWM_Brazil_logo.svg_-1.png 1200w\" sizes=\"(max-width: 960px) 100vw, 960px\" \/>\t\t\t\t\t\t\t\t\t\t\t\t\t<\/div>\n\t\t\t\t<\/div>\n\t\t\t\t<\/div>\n\t\t<div class=\"elementor-element elementor-element-e40096b e-con-full e-flex wpr-particle-no wpr-jarallax-no wpr-parallax-no wpr-sticky-section-no e-con e-child\" data-id=\"e40096b\" data-element_type=\"container\">\n\t\t\t\t<div class=\"elementor-element elementor-element-4366010 elementor-widget elementor-widget-image\" data-id=\"4366010\" data-element_type=\"widget\" data-widget_type=\"image.default\">\n\t\t\t\t<div class=\"elementor-widget-container\">\n\t\t\t\t\t\t\t\t\t\t\t\t\t<img decoding=\"async\" width=\"224\" height=\"224\" src=\"https:\/\/mpvox.com.br\/2025\/wp-content\/uploads\/2025\/04\/transferir.png\" class=\"attachment-large size-large wp-image-2149\" alt=\"\" srcset=\"https:\/\/mpvox.com.br\/2025\/wp-content\/uploads\/2025\/04\/transferir.png 224w, https:\/\/mpvox.com.br\/2025\/wp-content\/uploads\/2025\/04\/transferir-150x150.png 150w\" sizes=\"(max-width: 224px) 100vw, 224px\" \/>\t\t\t\t\t\t\t\t\t\t\t\t\t<\/div>\n\t\t\t\t<\/div>\n\t\t\t\t<\/div>\n\t\t<div class=\"elementor-element elementor-element-27a75e7 e-con-full e-flex wpr-particle-no wpr-jarallax-no wpr-parallax-no wpr-sticky-section-no e-con e-child\" data-id=\"27a75e7\" data-element_type=\"container\">\n\t\t\t\t<div class=\"elementor-element elementor-element-317ae5f elementor-widget elementor-widget-image\" data-id=\"317ae5f\" data-element_type=\"widget\" data-widget_type=\"image.default\">\n\t\t\t\t<div class=\"elementor-widget-container\">\n\t\t\t\t\t\t\t\t\t\t\t\t\t<img decoding=\"async\" width=\"960\" height=\"601\" src=\"https:\/\/mpvox.com.br\/2025\/wp-content\/uploads\/2025\/04\/1200px-ESAB.svg_-1024x641.png\" class=\"attachment-large size-large wp-image-2150\" alt=\"\" srcset=\"https:\/\/mpvox.com.br\/2025\/wp-content\/uploads\/2025\/04\/1200px-ESAB.svg_-1024x641.png 1024w, https:\/\/mpvox.com.br\/2025\/wp-content\/uploads\/2025\/04\/1200px-ESAB.svg_-300x188.png 300w, https:\/\/mpvox.com.br\/2025\/wp-content\/uploads\/2025\/04\/1200px-ESAB.svg_-768x481.png 768w, https:\/\/mpvox.com.br\/2025\/wp-content\/uploads\/2025\/04\/1200px-ESAB.svg_.png 1200w\" sizes=\"(max-width: 960px) 100vw, 960px\" \/>\t\t\t\t\t\t\t\t\t\t\t\t\t<\/div>\n\t\t\t\t<\/div>\n\t\t\t\t<\/div>\n\t\t<div class=\"elementor-element elementor-element-eb85ff2 e-con-full e-flex wpr-particle-no wpr-jarallax-no wpr-parallax-no wpr-sticky-section-no e-con e-child\" data-id=\"eb85ff2\" data-element_type=\"container\">\n\t\t\t\t<div class=\"elementor-element elementor-element-96cd888 elementor-widget elementor-widget-image\" data-id=\"96cd888\" data-element_type=\"widget\" data-widget_type=\"image.default\">\n\t\t\t\t<div class=\"elementor-widget-container\">\n\t\t\t\t\t\t\t\t\t\t\t\t\t<img loading=\"lazy\" decoding=\"async\" width=\"600\" height=\"282\" src=\"https:\/\/mpvox.com.br\/2025\/wp-content\/uploads\/2025\/04\/client_fortequip.png\" class=\"attachment-large size-large wp-image-2148\" alt=\"\" srcset=\"https:\/\/mpvox.com.br\/2025\/wp-content\/uploads\/2025\/04\/client_fortequip.png 600w, https:\/\/mpvox.com.br\/2025\/wp-content\/uploads\/2025\/04\/client_fortequip-300x141.png 300w\" sizes=\"(max-width: 600px) 100vw, 600px\" \/>\t\t\t\t\t\t\t\t\t\t\t\t\t<\/div>\n\t\t\t\t<\/div>\n\t\t\t\t<\/div>\n\t\t<div class=\"elementor-element elementor-element-a66ee4c e-con-full e-flex wpr-particle-no wpr-jarallax-no wpr-parallax-no wpr-sticky-section-no e-con e-child\" data-id=\"a66ee4c\" data-element_type=\"container\">\n\t\t\t\t<div class=\"elementor-element elementor-element-14fbc63 elementor-widget elementor-widget-image\" data-id=\"14fbc63\" data-element_type=\"widget\" data-widget_type=\"image.default\">\n\t\t\t\t<div class=\"elementor-widget-container\">\n\t\t\t\t\t\t\t\t\t\t\t\t\t<img loading=\"lazy\" decoding=\"async\" width=\"960\" height=\"352\" src=\"https:\/\/mpvox.com.br\/2025\/wp-content\/uploads\/2025\/04\/dewalt-logo-1024x375.png\" class=\"attachment-large size-large wp-image-2145\" alt=\"\" srcset=\"https:\/\/mpvox.com.br\/2025\/wp-content\/uploads\/2025\/04\/dewalt-logo-1024x375.png 1024w, https:\/\/mpvox.com.br\/2025\/wp-content\/uploads\/2025\/04\/dewalt-logo-300x110.png 300w, https:\/\/mpvox.com.br\/2025\/wp-content\/uploads\/2025\/04\/dewalt-logo-768x281.png 768w, https:\/\/mpvox.com.br\/2025\/wp-content\/uploads\/2025\/04\/dewalt-logo-1536x563.png 1536w, https:\/\/mpvox.com.br\/2025\/wp-content\/uploads\/2025\/04\/dewalt-logo-2048x750.png 2048w\" sizes=\"(max-width: 960px) 100vw, 960px\" \/>\t\t\t\t\t\t\t\t\t\t\t\t\t<\/div>\n\t\t\t\t<\/div>\n\t\t\t\t<\/div>\n\t\t<div class=\"elementor-element elementor-element-2920cae e-con-full e-flex wpr-particle-no wpr-jarallax-no wpr-parallax-no wpr-sticky-section-no e-con e-child\" data-id=\"2920cae\" data-element_type=\"container\">\n\t\t\t\t<div class=\"elementor-element elementor-element-221c533 elementor-widget elementor-widget-image\" data-id=\"221c533\" data-element_type=\"widget\" data-widget_type=\"image.default\">\n\t\t\t\t<div class=\"elementor-widget-container\">\n\t\t\t\t\t\t\t\t\t\t\t\t\t<img loading=\"lazy\" decoding=\"async\" width=\"303\" height=\"166\" src=\"https:\/\/mpvox.com.br\/2025\/wp-content\/uploads\/2025\/04\/images-1.png\" class=\"attachment-large size-large wp-image-2152\" alt=\"\" srcset=\"https:\/\/mpvox.com.br\/2025\/wp-content\/uploads\/2025\/04\/images-1.png 303w, https:\/\/mpvox.com.br\/2025\/wp-content\/uploads\/2025\/04\/images-1-300x164.png 300w\" sizes=\"(max-width: 303px) 100vw, 303px\" \/>\t\t\t\t\t\t\t\t\t\t\t\t\t<\/div>\n\t\t\t\t<\/div>\n\t\t\t\t<\/div>\n\t\t<div class=\"elementor-element elementor-element-e0c38bc e-con-full e-flex wpr-particle-no wpr-jarallax-no wpr-parallax-no wpr-sticky-section-no e-con e-child\" data-id=\"e0c38bc\" data-element_type=\"container\">\n\t\t\t\t<div class=\"elementor-element elementor-element-c1bb700 elementor-widget elementor-widget-image\" data-id=\"c1bb700\" data-element_type=\"widget\" data-widget_type=\"image.default\">\n\t\t\t\t<div class=\"elementor-widget-container\">\n\t\t\t\t\t\t\t\t\t\t\t\t\t<img loading=\"lazy\" decoding=\"async\" width=\"589\" height=\"277\" src=\"https:\/\/mpvox.com.br\/2025\/wp-content\/uploads\/2025\/04\/menegotti_mpvox_locacao.png\" class=\"attachment-large size-large wp-image-2147\" alt=\"\" srcset=\"https:\/\/mpvox.com.br\/2025\/wp-content\/uploads\/2025\/04\/menegotti_mpvox_locacao.png 589w, https:\/\/mpvox.com.br\/2025\/wp-content\/uploads\/2025\/04\/menegotti_mpvox_locacao-300x141.png 300w\" sizes=\"(max-width: 589px) 100vw, 589px\" \/>\t\t\t\t\t\t\t\t\t\t\t\t\t<\/div>\n\t\t\t\t<\/div>\n\t\t\t\t<\/div>\n\t\t<div class=\"elementor-element elementor-element-e9a6ca5 e-con-full e-flex wpr-particle-no wpr-jarallax-no wpr-parallax-no wpr-sticky-section-no e-con e-child\" data-id=\"e9a6ca5\" data-element_type=\"container\">\n\t\t\t\t<div class=\"elementor-element elementor-element-dccd5a8 elementor-widget elementor-widget-image\" data-id=\"dccd5a8\" data-element_type=\"widget\" data-widget_type=\"image.default\">\n\t\t\t\t<div class=\"elementor-widget-container\">\n\t\t\t\t\t\t\t\t\t\t\t\t\t<img loading=\"lazy\" decoding=\"async\" width=\"595\" height=\"244\" src=\"https:\/\/mpvox.com.br\/2025\/wp-content\/uploads\/2025\/04\/bosch_mpvox_locacao.png\" class=\"attachment-large size-large wp-image-2146\" alt=\"\" srcset=\"https:\/\/mpvox.com.br\/2025\/wp-content\/uploads\/2025\/04\/bosch_mpvox_locacao.png 595w, https:\/\/mpvox.com.br\/2025\/wp-content\/uploads\/2025\/04\/bosch_mpvox_locacao-300x123.png 300w\" sizes=\"(max-width: 595px) 100vw, 595px\" \/>\t\t\t\t\t\t\t\t\t\t\t\t\t<\/div>\n\t\t\t\t<\/div>\n\t\t\t\t<\/div>\n\t\t\t\t\t<\/div>\n\t\t\t\t<\/div>\n\t\t\t\t<\/div>\n\t\t","protected":false},"excerpt":{"rendered":"<p>Portf\u00f3lio Confira alguns dos eventos que j\u00e1 contaram com a qualidade e a confian\u00e7a da MPVOX LOCA\u00c7\u00c3O: ALUGUEL Seu evento tamb\u00e9m pode estar aqui! Entre em contato conosco e veja como podemos levar sua estrutura a outro n\u00edvel. Feiras agropecu\u00e1rias e exposi\u00e7\u00f5es Festivais de m\u00fasica e shows regionais Casamentos e anivers\u00e1rios Eventos corporativos e religiosos A\u00e7\u00f5es promocionais e inaugura\u00e7\u00f5es<\/p>\n","protected":false},"author":1,"featured_media":0,"parent":0,"menu_order":0,"comment_status":"closed","ping_status":"closed","template":"elementor_canvas","meta":{"footnotes":""},"class_list":["post-967","page","type-page","status-publish","hentry"],"_links":{"self":[{"href":"https:\/\/mpvox.com.br\/2025\/wp-json\/wp\/v2\/pages\/967","targetHints":{"allow":["GET"]}}],"collection":[{"href":"https:\/\/mpvox.com.br\/2025\/wp-json\/wp\/v2\/pages"}],"about":[{"href":"https:\/\/mpvox.com.br\/2025\/wp-json\/wp\/v2\/types\/page"}],"author":[{"embeddable":true,"href":"https:\/\/mpvox.com.br\/2025\/wp-json\/wp\/v2\/users\/1"}],"replies":[{"embeddable":true,"href":"https:\/\/mpvox.com.br\/2025\/wp-json\/wp\/v2\/comments?post=967"}],"version-history":[{"count":19,"href":"https:\/\/mpvox.com.br\/2025\/wp-json\/wp\/v2\/pages\/967\/revisions"}],"predecessor-version":[{"id":2158,"href":"https:\/\/mpvox.com.br\/2025\/wp-json\/wp\/v2\/pages\/967\/revisions\/2158"}],"wp:attachment":[{"href":"https:\/\/mpvox.com.br\/2025\/wp-json\/wp\/v2\/media?parent=967"}],"curies":[{"name":"wp","href":"https:\/\/api.w.org\/{rel}","templated":true}]}}